{"id":1111,"date":"2021-10-20T23:58:41","date_gmt":"2021-10-20T18:28:41","guid":{"rendered":"https:\/\/eichelconsulting.com\/?page_id=1111"},"modified":"2023-11-03T12:45:52","modified_gmt":"2023-11-03T11:45:52","slug":"internacionalizarblog","status":"publish","type":"page","link":"https:\/\/eichelconsulting.com\/de\/internacionalizarblog\/","title":{"rendered":"Internacionalizar blog"},"content":{"rendered":"<h1>\n\t\t5 Schritte f\u00fcr die Internationalisierung Ihre Unternehmens\n\t<\/h1>\n\t\t\t\t<img decoding=\"async\" src=\"http:\/\/eichelconsulting.com\/wp-content\/uploads\/2021\/10\/internacional-e1634755112478.jpg\" alt=\"internacionalizar\" itemprop=\"image\" title=\"internacionalizar\" onerror=\"this.style.display='none'\"  \/>\n\t<h2>Einf\u00fchrung<\/h2>\nOlhando para o cen\u00e1rio vivenciado nos \u00faltimos dois anos durante a pandemia do COVID-19, ficou claro que, empresas que querem se manter competitivas, precisam cada vez mais considerar a op\u00e7\u00e3o de internacionalizar, ou seja, de expandir seus neg\u00f3cios para o exterior.<br \/>\nEntgegen der landl\u00e4ufigen Meinung ist dieser Prozess nicht nur f\u00fcr Gro\u00dfunternehmen, sondern auch f\u00fcr Kleinst-, Klein- und mittlere Unternehmen geeignet.<br \/>\nSo sind laut der j\u00fcngsten Erhebung des <a href=\"http:\/\/www.portaldaindustria.com.br\/cni\/\">Nationalen Industrieverbands (CNI)<\/a>\u00a0\u00fcber das Profil der exportierenden Unternehmen sind 77,3 % KKU und 22,7 % Gro\u00dfunternehmen.<br \/>\nLaut Apex-Brasil entdecken immer mehr brasilianische Unternehmen die Vorteile einer internationalen Expansion und den direkten Zusammenhang mit der Steigerung der Wettbewerbsf\u00e4higkeit und dem Ausbau des Auslandsgesch\u00e4fts sowie der Verringerung der Abh\u00e4ngigkeit vom heimischen Markt.\n<h2>Erforschung der Internationalisierung von Unternehmen: Ein kurzer Blick auf das Thema<\/h2>\nUnter Internationalisierung versteht man jede Verbindung zwischen einem Unternehmen und einem ausl\u00e4ndischen Markt.<br \/>\nNeben dem Export und Import von Produkten kann dies jedoch auf unterschiedliche Weise geschehen. Dieses Konzept umfasst Partnerschaften mit internationalen Unternehmen, die Gr\u00fcndung einer Niederlassung au\u00dferhalb Brasiliens und kann auch im Dienstleistungssektor erfolgen, indem virtuelle B\u00fcros und\/oder Beratungsunternehmen er\u00f6ffnet werden, um die unterschiedlichen Anforderungen in anderen L\u00e4ndern zu erf\u00fcllen.<br \/>\nUnternehmen k\u00f6nnen mit der richtigen Unterst\u00fctzung eine Internationalisierung erreichen. Um den Unternehmen dabei zu helfen, werde ich 5 Schritte auflisten, die interessierte Unternehmen befolgen m\u00fcssen:\n<h3><b>1. Strategische Reflexion und Planung<\/b><\/h3>\nDer erste Schritt besteht darin, den Reifegrad des Unternehmens zu ermitteln und zu definieren, worum es bei der Internationalisierung geht.<br \/>\nGeht es darum, die Gewinne zu steigern oder den Unternehmen mehr Sicherheit zu geben, um etwaige Schwankungen auf dem Inlandsmarkt zu bew\u00e4ltigen?<br \/>\nKurz gesagt, diese Antworten weisen den Weg zu einer guten Internationalisierungsplanung.\n<h3><b>2. Markt <\/b><\/h3>\nStudien, Untersuchungen und entsprechende Beratung helfen, die richtigen M\u00e4rkte f\u00fcr jedes Produkt zu definieren.<br \/>\nMit den richtigen Werkzeugen und Informationen k\u00f6nnen Sie sich vorbereiten und Trends vorhersehen. Es ist auch gut, mit Prototypen zu arbeiten, um sie zu testen.<br \/>\nAllerdings hat jedes Land seine eigenen Ausfuhrbestimmungen, die Sie kennen sollten, bevor Sie mit dem Export beginnen. Es lohnt sich sogar, eine Zeit lang in das Land einzutauchen, um ein Gef\u00fchl f\u00fcr den lokalen Markt zu bekommen und die Kultur zu verstehen.<br \/>\nA apura\u00e7\u00e3o de informa\u00e7\u00f5es estrat\u00e9gicas sobre potenciais parceiros ou concorrentes tamb\u00e9m \u00e9 necess\u00e1ria. Portanto, participar de feiras de neg\u00f3cios e eventos ajudam muito nesta etapa.\n<p><b>3. Angemessenheit und Intelligenz<\/b><\/p>\nNachdem der Unternehmer den Markt kennengelernt hat, muss er das Unternehmen, d. h. die Prozesse und Produkte, betrachten, um zu sehen, welche Anpassungen vorgenommen werden m\u00fcssen.<br \/>\nAuch die Festlegung von Produktfristen und Preisen ist f\u00fcr den Unternehmer von wesentlicher Bedeutung, um zu bestimmen, welche Bedingungen in der jeweiligen Situation angewandt werden k\u00f6nnen. Er muss auch auf Registrierungen und Lizenzen achten, da jedes Land die technischen Anforderungen f\u00fcr Unternehmen festlegt, um Produkte in seinem Gebiet zu vermarkten. Dazu geh\u00f6ren Verpackungsangaben, Produktionsmodelle, Lagerung, Logistik und Inhaltsstoffe.<br \/>\nAuch die Transportmittel, die Lieferzeiten, die Zahlungsmodalit\u00e4ten und die Steuern sind wesentliche Bestandteile der Gleichung.<br \/>\nEs gibt verschiedene Vorschriften, die sich von Land zu Land und von T\u00e4tigkeitsbereich zu T\u00e4tigkeitsbereich unterscheiden.<br \/>\nPr\u00fcfen Sie, welche Anforderungen in Ihrem Segment bestehen und ob Sie in der Lage sind, diese zu erf\u00fcllen.\n<h3><b>4. Verhandlungsgeschick und Umsicht<\/b><\/h3>\nRecherchieren Sie potenzielle Kunden und nehmen Sie an Gesch\u00e4ftstreffen in Brasilien und im Ausland teil. Seien Sie flexibel und versuchen Sie, die Vorschl\u00e4ge so weit wie m\u00f6glich an die Gegebenheiten des K\u00e4ufers anzupassen.<br \/>\nDer Schl\u00fcssel liegt beispielsweise darin, sich so zu strukturieren, dass man viele Erkenntnisse aus diesen Erfahrungen gewinnt, und agil und flexibel zu sein, um diese Informationen zu nutzen und effizienter zu werden.<br \/>\nSobald Sie also die h\u00e4ufigsten Verhaltensweisen in Kauf- und Verkaufsbeziehungen entdeckt haben, sollten Sie sich bem\u00fchen, die Kundenbeziehungen zu verbessern, um die Kundenbindung zu st\u00e4rken.<b>.<\/b>\n<h3><b>5. Vertr\u00e4ge und Handelsvereinbarungen<\/b><\/h3>\nAp\u00f3s concluir toda essa prepara\u00e7\u00e3o e assegurar a seguran\u00e7a jur\u00eddica necess\u00e1ria, a formaliza\u00e7\u00e3o do contrato com todas as condi\u00e7\u00f5es acordadas &#8211; volume, prazo, descri\u00e7\u00e3o do produto, responsabilidades m\u00fatuas &#8211; torna-se fundamental para reduzir riscos.<br \/>\nJe besser die vorangegangenen Schritte durchgef\u00fchrt wurden, desto gr\u00f6\u00dfer sind die Chancen auf erfolgreiche Verhandlungen.\n<p>Mit diesem Wissen ist es nun an der Zeit, aktiv zu werden!<\/p>\n<p>Wenn Sie noch Fragen haben, wenden Sie sich an <a href=\"https:\/\/eichelconsulting.com\/contato\/\">Eichel Consulting.<\/a><\/p>","protected":false},"excerpt":{"rendered":"<p>5 passos para internacionalizar sua empresa Introdu\u00e7\u00e3o Olhando para o cen\u00e1rio vivenciado nos \u00faltimos dois anos durante a pandemia do COVID-19, ficou claro que, empresas que querem se manter competitivas, precisam cada vez mais considerar a op\u00e7\u00e3o de internacionalizar, ou seja, de expandir seus neg\u00f3cios para o exterior. Ao contr\u00e1rio do que se pode acreditar, [&hellip;]<\/p>\n","protected":false},"author":6,"featured_media":0,"parent":0,"menu_order":0,"comment_status":"closed","ping_status":"closed","template":"","meta":{"site-sidebar-layout":"default","site-content-layout":"default","ast-site-content-layout":"","site-content-style":"default","site-sidebar-style":"default","ast-global-header-display":"","ast-banner-title-visibility":"","ast-main-header-display":"","ast-hfb-above-header-display":"","ast-hfb-below-header-display":"","ast-hfb-mobile-header-display":"","site-post-title":"disabled","ast-breadcrumbs-content":null,"ast-featured-img":"","footer-sml-layout":"","theme-transparent-header-meta":"default","adv-header-id-meta":null,"stick-header-meta":null,"header-above-stick-meta":null,"header-main-stick-meta":null,"header-below-stick-meta":null,"astra-migrate-meta-layouts":"default","ast-page-background-enabled":"default","ast-page-background-meta":{"desktop":{"background-color":"","background-image":"","background-repeat":"repeat","background-position":"center center","background-size":"auto","background-attachment":"scroll","background-type":"","background-media":"","overlay-type":"","overlay-color":"","overlay-opacity":"","overlay-gradient":""},"tablet":{"background-color":"","background-image":"","background-repeat":"repeat","background-position":"center center","background-size":"auto","background-attachment":"scroll","background-type":"","background-media":"","overlay-type":"","overlay-color":"","overlay-opacity":"","overlay-gradient":""},"mobile":{"background-color":"","background-image":"","background-repeat":"repeat","background-position":"center center","background-size":"auto","background-attachment":"scroll","background-type":"","background-media":"","overlay-type":"","overlay-color":"","overlay-opacity":"","overlay-gradient":""}},"ast-content-background-meta":{"desktop":{"background-color":"var(--ast-global-color-5)","background-image":"","background-repeat":"repeat","background-position":"center center","background-size":"auto","background-attachment":"scroll","background-type":"","background-media":"","overlay-type":"","overlay-color":"","overlay-opacity":"","overlay-gradient":""},"tablet":{"background-color":"var(--ast-global-color-5)","background-image":"","background-repeat":"repeat","background-position":"center center","background-size":"auto","background-attachment":"scroll","background-type":"","background-media":"","overlay-type":"","overlay-color":"","overlay-opacity":"","overlay-gradient":""},"mobile":{"background-color":"var(--ast-global-color-5)","background-image":"","background-repeat":"repeat","background-position":"center center","background-size":"auto","background-attachment":"scroll","background-type":"","background-media":"","overlay-type":"","overlay-color":"","overlay-opacity":"","overlay-gradient":""}},"footnotes":""},"class_list":["post-1111","page","type-page","status-publish","hentry"],"yoast_head":"<!-- This site is optimized with the Yoast SEO plugin v27.5 - https:\/\/yoast.com\/product\/yoast-seo-wordpress\/ -->\n<title>Internacionalizar blog - Eichel Consulting<\/title>\n<meta name=\"description\" content=\"Empresas que querem se manter competitivas, precisam cada vez mais considerar a op\u00e7\u00e3o de internacionalizar seus neg\u00f3cios.\" \/>\n<meta name=\"robots\" content=\"index, follow, max-snippet:-1, max-image-preview:large, max-video-preview:-1\" \/>\n<link rel=\"canonical\" href=\"https:\/\/eichelconsulting.com\/de\/internacionalizarblog\/\" \/>\n<meta property=\"og:locale\" content=\"de_DE\" \/>\n<meta property=\"og:type\" content=\"article\" \/>\n<meta property=\"og:title\" content=\"Internacionalizar blog - Eichel Consulting\" \/>\n<meta property=\"og:description\" content=\"Empresas que querem se manter competitivas, precisam cada vez mais considerar a op\u00e7\u00e3o de internacionalizar seus neg\u00f3cios.\" \/>\n<meta property=\"og:url\" content=\"https:\/\/eichelconsulting.com\/de\/internacionalizarblog\/\" \/>\n<meta property=\"og:site_name\" content=\"Eichel Consulting\" \/>\n<meta property=\"article:modified_time\" content=\"2023-11-03T11:45:52+00:00\" \/>\n<meta property=\"og:image\" content=\"http:\/\/eichelconsulting.com\/wp-content\/uploads\/2021\/10\/internacional-e1634755112478.jpg\" \/>\n<meta name=\"twitter:card\" content=\"summary_large_image\" \/>\n<meta name=\"twitter:label1\" content=\"Gesch\u00e4tzte Lesezeit\" \/>\n\t<meta name=\"twitter:data1\" content=\"4\u00a0Minuten\" \/>\n<script type=\"application\/ld+json\" class=\"yoast-schema-graph\">{\"@context\":\"https:\\\/\\\/schema.org\",\"@graph\":[{\"@type\":\"WebPage\",\"@id\":\"https:\\\/\\\/eichelconsulting.com\\\/internacionalizarblog\\\/\",\"url\":\"https:\\\/\\\/eichelconsulting.com\\\/internacionalizarblog\\\/\",\"name\":\"Internacionalizar blog - Eichel Consulting\",\"isPartOf\":{\"@id\":\"https:\\\/\\\/eichelconsulting.com\\\/#website\"},\"primaryImageOfPage\":{\"@id\":\"https:\\\/\\\/eichelconsulting.com\\\/internacionalizarblog\\\/#primaryimage\"},\"image\":{\"@id\":\"https:\\\/\\\/eichelconsulting.com\\\/internacionalizarblog\\\/#primaryimage\"},\"thumbnailUrl\":\"http:\\\/\\\/eichelconsulting.com\\\/wp-content\\\/uploads\\\/2021\\\/10\\\/internacional-e1634755112478.jpg\",\"datePublished\":\"2021-10-20T18:28:41+00:00\",\"dateModified\":\"2023-11-03T11:45:52+00:00\",\"description\":\"Empresas que querem se manter competitivas, precisam cada vez mais considerar a op\u00e7\u00e3o de internacionalizar seus neg\u00f3cios.\",\"breadcrumb\":{\"@id\":\"https:\\\/\\\/eichelconsulting.com\\\/internacionalizarblog\\\/#breadcrumb\"},\"inLanguage\":\"de\",\"potentialAction\":[{\"@type\":\"ReadAction\",\"target\":[\"https:\\\/\\\/eichelconsulting.com\\\/internacionalizarblog\\\/\"]}]},{\"@type\":\"ImageObject\",\"inLanguage\":\"de\",\"@id\":\"https:\\\/\\\/eichelconsulting.com\\\/internacionalizarblog\\\/#primaryimage\",\"url\":\"http:\\\/\\\/eichelconsulting.com\\\/wp-content\\\/uploads\\\/2021\\\/10\\\/internacional-e1634755112478.jpg\",\"contentUrl\":\"http:\\\/\\\/eichelconsulting.com\\\/wp-content\\\/uploads\\\/2021\\\/10\\\/internacional-e1634755112478.jpg\"},{\"@type\":\"BreadcrumbList\",\"@id\":\"https:\\\/\\\/eichelconsulting.com\\\/internacionalizarblog\\\/#breadcrumb\",\"itemListElement\":[{\"@type\":\"ListItem\",\"position\":1,\"name\":\"In\u00edcio\",\"item\":\"https:\\\/\\\/eichelconsulting.com\\\/\"},{\"@type\":\"ListItem\",\"position\":2,\"name\":\"Internacionalizar blog\"}]},{\"@type\":\"WebSite\",\"@id\":\"https:\\\/\\\/eichelconsulting.com\\\/#website\",\"url\":\"https:\\\/\\\/eichelconsulting.com\\\/\",\"name\":\"Eichel Consulting\",\"description\":\"Projetos de Internacionaliza\u00e7\u00e3o\",\"publisher\":{\"@id\":\"https:\\\/\\\/eichelconsulting.com\\\/#organization\"},\"potentialAction\":[{\"@type\":\"SearchAction\",\"target\":{\"@type\":\"EntryPoint\",\"urlTemplate\":\"https:\\\/\\\/eichelconsulting.com\\\/?s={search_term_string}\"},\"query-input\":{\"@type\":\"PropertyValueSpecification\",\"valueRequired\":true,\"valueName\":\"search_term_string\"}}],\"inLanguage\":\"de\"},{\"@type\":\"Organization\",\"@id\":\"https:\\\/\\\/eichelconsulting.com\\\/#organization\",\"name\":\"Eichel Consulting\",\"url\":\"https:\\\/\\\/eichelconsulting.com\\\/\",\"logo\":{\"@type\":\"ImageObject\",\"inLanguage\":\"de\",\"@id\":\"https:\\\/\\\/eichelconsulting.com\\\/#\\\/schema\\\/logo\\\/image\\\/\",\"url\":\"https:\\\/\\\/eichelconsulting.com\\\/wp-content\\\/uploads\\\/2021\\\/10\\\/cropped-logoweb.png\",\"contentUrl\":\"https:\\\/\\\/eichelconsulting.com\\\/wp-content\\\/uploads\\\/2021\\\/10\\\/cropped-logoweb.png\",\"width\":512,\"height\":512,\"caption\":\"Eichel Consulting\"},\"image\":{\"@id\":\"https:\\\/\\\/eichelconsulting.com\\\/#\\\/schema\\\/logo\\\/image\\\/\"},\"sameAs\":[\"http:\\\/\\\/instagram.com\\\/alineeichel\",\"https:\\\/\\\/www.linkedin.com\\\/in\\\/aline-silveira-eichel-434682102\"]}]}<\/script>\n<!-- \/ Yoast SEO plugin. -->","yoast_head_json":{"title":"Internacionalizar blog - Eichel Consulting","description":"Empresas que querem se manter competitivas, precisam cada vez mais considerar a op\u00e7\u00e3o de internacionalizar seus neg\u00f3cios.","robots":{"index":"index","follow":"follow","max-snippet":"max-snippet:-1","max-image-preview":"max-image-preview:large","max-video-preview":"max-video-preview:-1"},"canonical":"https:\/\/eichelconsulting.com\/de\/internacionalizarblog\/","og_locale":"de_DE","og_type":"article","og_title":"Internacionalizar blog - Eichel Consulting","og_description":"Empresas que querem se manter competitivas, precisam cada vez mais considerar a op\u00e7\u00e3o de internacionalizar seus neg\u00f3cios.","og_url":"https:\/\/eichelconsulting.com\/de\/internacionalizarblog\/","og_site_name":"Eichel Consulting","article_modified_time":"2023-11-03T11:45:52+00:00","og_image":[{"url":"http:\/\/eichelconsulting.com\/wp-content\/uploads\/2021\/10\/internacional-e1634755112478.jpg","type":"","width":"","height":""}],"twitter_card":"summary_large_image","twitter_misc":{"Gesch\u00e4tzte Lesezeit":"4\u00a0Minuten"},"schema":{"@context":"https:\/\/schema.org","@graph":[{"@type":"WebPage","@id":"https:\/\/eichelconsulting.com\/internacionalizarblog\/","url":"https:\/\/eichelconsulting.com\/internacionalizarblog\/","name":"Internacionalizar blog - Eichel Consulting","isPartOf":{"@id":"https:\/\/eichelconsulting.com\/#website"},"primaryImageOfPage":{"@id":"https:\/\/eichelconsulting.com\/internacionalizarblog\/#primaryimage"},"image":{"@id":"https:\/\/eichelconsulting.com\/internacionalizarblog\/#primaryimage"},"thumbnailUrl":"http:\/\/eichelconsulting.com\/wp-content\/uploads\/2021\/10\/internacional-e1634755112478.jpg","datePublished":"2021-10-20T18:28:41+00:00","dateModified":"2023-11-03T11:45:52+00:00","description":"Empresas que querem se manter competitivas, precisam cada vez mais considerar a op\u00e7\u00e3o de internacionalizar seus neg\u00f3cios.","breadcrumb":{"@id":"https:\/\/eichelconsulting.com\/internacionalizarblog\/#breadcrumb"},"inLanguage":"de","potentialAction":[{"@type":"ReadAction","target":["https:\/\/eichelconsulting.com\/internacionalizarblog\/"]}]},{"@type":"ImageObject","inLanguage":"de","@id":"https:\/\/eichelconsulting.com\/internacionalizarblog\/#primaryimage","url":"http:\/\/eichelconsulting.com\/wp-content\/uploads\/2021\/10\/internacional-e1634755112478.jpg","contentUrl":"http:\/\/eichelconsulting.com\/wp-content\/uploads\/2021\/10\/internacional-e1634755112478.jpg"},{"@type":"BreadcrumbList","@id":"https:\/\/eichelconsulting.com\/internacionalizarblog\/#breadcrumb","itemListElement":[{"@type":"ListItem","position":1,"name":"In\u00edcio","item":"https:\/\/eichelconsulting.com\/"},{"@type":"ListItem","position":2,"name":"Internacionalizar blog"}]},{"@type":"WebSite","@id":"https:\/\/eichelconsulting.com\/#website","url":"https:\/\/eichelconsulting.com\/","name":"Eichel Consulting","description":"Internationalisierungsprojekte","publisher":{"@id":"https:\/\/eichelconsulting.com\/#organization"},"potentialAction":[{"@type":"SearchAction","target":{"@type":"EntryPoint","urlTemplate":"https:\/\/eichelconsulting.com\/?s={search_term_string}"},"query-input":{"@type":"PropertyValueSpecification","valueRequired":true,"valueName":"search_term_string"}}],"inLanguage":"de"},{"@type":"Organization","@id":"https:\/\/eichelconsulting.com\/#organization","name":"Eichel Consulting","url":"https:\/\/eichelconsulting.com\/","logo":{"@type":"ImageObject","inLanguage":"de","@id":"https:\/\/eichelconsulting.com\/#\/schema\/logo\/image\/","url":"https:\/\/eichelconsulting.com\/wp-content\/uploads\/2021\/10\/cropped-logoweb.png","contentUrl":"https:\/\/eichelconsulting.com\/wp-content\/uploads\/2021\/10\/cropped-logoweb.png","width":512,"height":512,"caption":"Eichel Consulting"},"image":{"@id":"https:\/\/eichelconsulting.com\/#\/schema\/logo\/image\/"},"sameAs":["http:\/\/instagram.com\/alineeichel","https:\/\/www.linkedin.com\/in\/aline-silveira-eichel-434682102"]}]}},"_links":{"self":[{"href":"https:\/\/eichelconsulting.com\/de\/wp-json\/wp\/v2\/pages\/1111","targetHints":{"allow":["GET"]}}],"collection":[{"href":"https:\/\/eichelconsulting.com\/de\/wp-json\/wp\/v2\/pages"}],"about":[{"href":"https:\/\/eichelconsulting.com\/de\/wp-json\/wp\/v2\/types\/page"}],"author":[{"embeddable":true,"href":"https:\/\/eichelconsulting.com\/de\/wp-json\/wp\/v2\/users\/6"}],"replies":[{"embeddable":true,"href":"https:\/\/eichelconsulting.com\/de\/wp-json\/wp\/v2\/comments?post=1111"}],"version-history":[{"count":37,"href":"https:\/\/eichelconsulting.com\/de\/wp-json\/wp\/v2\/pages\/1111\/revisions"}],"predecessor-version":[{"id":2234,"href":"https:\/\/eichelconsulting.com\/de\/wp-json\/wp\/v2\/pages\/1111\/revisions\/2234"}],"wp:attachment":[{"href":"https:\/\/eichelconsulting.com\/de\/wp-json\/wp\/v2\/media?parent=1111"}],"curies":[{"name":"wp","href":"https:\/\/api.w.org\/{rel}","templated":true}]}}