{"id":1574,"date":"2021-11-13T20:48:15","date_gmt":"2021-11-13T19:48:15","guid":{"rendered":"https:\/\/eichelconsulting.com\/?page_id=1574"},"modified":"2024-11-22T14:57:50","modified_gmt":"2024-11-22T13:57:50","slug":"contato","status":"publish","type":"page","link":"https:\/\/eichelconsulting.com\/de\/contato\/","title":{"rendered":"Contato"},"content":{"rendered":"<a href=\"https:\/\/www.instagram.com\/alineeichel\/\" target=\"_self\" itemprop=\"url\">\n\t\t\t\t<img loading=\"lazy\" decoding=\"async\" src=\"https:\/\/eichelconsulting.com\/wp-content\/uploads\/2021\/11\/aline-135x300.jpeg\" alt=\"contato\" itemprop=\"image\" height=\"300\" width=\"135\" title=\"Contato\" onerror=\"this.style.display='none'\"  \/>\n\t\t\t\t<\/a>\n\t\t\t\t\t\tContato de Aline Eichel\n\t<h2><strong>Wenn Sie Fragen oder Anregungen haben oder weitere Informationen ben\u00f6tigen, z\u00f6gern Sie nicht, uns zu kontaktieren.\u00a0<\/strong><\/h2>\n<h3>Nutzen Sie das unten stehende Formular oder die angegebenen Kontaktdaten, und wir helfen Ihnen gerne weiter. Ihre Interaktion ist f\u00fcr uns von grundlegender Bedeutung, und wir sind bestrebt, Ihnen jederzeit einen au\u00dfergew\u00f6hnlichen Service zu bieten.\u00a0<\/h3>\n<p><a href=\"https:\/\/eichelconsulting.com\/aline-eichel\/\">Aline Eichel<\/a><\/p>\n<p>Telefone: +49 30 25565220<\/p>\n<p>Endere\u00e7o: Bregenzer Str.10, 10707 Berlin<\/p>\n<p>E-mail: <a href=\"mailto:aline@eichelconsulting.com\">aline@eichelconsulting.com<\/a><\/p>\n<p>Wir haben die M\u00f6glichkeiten, mit uns in Kontakt zu treten, erweitert. Und nicht nur das, wir sind auch in den sozialen Medien pr\u00e4sent. Folgen Sie uns auf Instagram und LinkedIn, und verbinden Sie sich mit uns auf WhatsApp. Klicken Sie einfach auf die praktischen Schaltfl\u00e4chen unten.<\/p>\n\t<iframe src=\"https:\/\/www.google.com\/maps\/embed\/v1\/place?q=Bregenzer+Str.10%2C+10707+Berlin&#038;key=AIzaSyD09zQ9PNDNNy9TadMuzRV_UsPUoWKntt8\" aria-hidden=\"true\"><\/iframe>\n\t\t\t<a href=\"http:\/\/linkedin.com\/in\/aline-silveira-eichel\" target=\"_self\">\n\t\t\t\t\t\tLinkedIn\n\t\t\t\t\t<\/a>\n\t\t\t<a href=\"https:\/\/api.whatsapp.com\/send?phone=+4917643151656\" target=\"_self\">\n\t\t\t\t\t\tWhatsapp\n\t\t\t\t\t<\/a>\n\t\t\t<a href=\"https:\/\/instagram.com\/alineeichel\/\" target=\"_self\">\n\t\t\t\t\t\tInstagram\n\t\t\t\t\t<\/a>","protected":false},"excerpt":{"rendered":"<p>Contato de Aline Eichel Se tiver d\u00favidas, sugest\u00f5es ou precisar de mais informa\u00e7\u00f5es, n\u00e3o hesite em entrar em contato conosco.\u00a0 Utilize o formul\u00e1rio abaixo ou as informa\u00e7\u00f5es de contato listadas, e teremos o prazer de ajudar. Sua intera\u00e7\u00e3o \u00e9 fundamental para n\u00f3s, e estamos comprometidos em oferecer um servi\u00e7o excepcional sempre.\u00a0 Aline Eichel Telefone: +49 [&hellip;]<\/p>\n","protected":false},"author":6,"featured_media":0,"parent":0,"menu_order":0,"comment_status":"closed","ping_status":"closed","template":"","meta":{"site-sidebar-layout":"default","site-content-layout":"","ast-site-content-layout":"default","site-content-style":"default","site-sidebar-style":"default","ast-global-header-display":"","ast-banner-title-visibility":"","ast-main-header-display":"","ast-hfb-above-header-display":"","ast-hfb-below-header-display":"","ast-hfb-mobile-header-display":"","site-post-title":"","ast-breadcrumbs-content":"","ast-featured-img":"","footer-sml-layout":"","theme-transparent-header-meta":"","adv-header-id-meta":"","stick-header-meta":"","header-above-stick-meta":"","header-main-stick-meta":"","header-below-stick-meta":"","astra-migrate-meta-layouts":"set","ast-page-background-enabled":"default","ast-page-background-meta":{"desktop":{"background-color":"","background-image":"","background-repeat":"repeat","background-position":"center center","background-size":"auto","background-attachment":"scroll","background-type":"","background-media":"","overlay-type":"","overlay-color":"","overlay-opacity":"","overlay-gradient":""},"tablet":{"background-color":"","background-image":"","background-repeat":"repeat","background-position":"center center","background-size":"auto","background-attachment":"scroll","background-type":"","background-media":"","overlay-type":"","overlay-color":"","overlay-opacity":"","overlay-gradient":""},"mobile":{"background-color":"","background-image":"","background-repeat":"repeat","background-position":"center center","background-size":"auto","background-attachment":"scroll","background-type":"","background-media":"","overlay-type":"","overlay-color":"","overlay-opacity":"","overlay-gradient":""}},"ast-content-background-meta":{"desktop":{"background-color":"var(--ast-global-color-5)","background-image":"","background-repeat":"repeat","background-position":"center center","background-size":"auto","background-attachment":"scroll","background-type":"","background-media":"","overlay-type":"","overlay-color":"","overlay-opacity":"","overlay-gradient":""},"tablet":{"background-color":"var(--ast-global-color-5)","background-image":"","background-repeat":"repeat","background-position":"center center","background-size":"auto","background-attachment":"scroll","background-type":"","background-media":"","overlay-type":"","overlay-color":"","overlay-opacity":"","overlay-gradient":""},"mobile":{"background-color":"var(--ast-global-color-5)","background-image":"","background-repeat":"repeat","background-position":"center center","background-size":"auto","background-attachment":"scroll","background-type":"","background-media":"","overlay-type":"","overlay-color":"","overlay-opacity":"","overlay-gradient":""}},"footnotes":""},"class_list":["post-1574","page","type-page","status-publish","hentry"],"yoast_head":"<!-- This site is optimized with the Yoast SEO plugin v27.4 - https:\/\/yoast.com\/product\/yoast-seo-wordpress\/ -->\n<title>Contato - Eichel Consulting<\/title>\n<meta name=\"description\" content=\"Entre em contato comigo, que vou te ajudar a internacionalizar seu neg\u00f3cio e criar rela\u00e7\u00f5es comerciais com a Alemanha.\" \/>\n<meta name=\"robots\" content=\"index, follow, max-snippet:-1, max-image-preview:large, max-video-preview:-1\" \/>\n<link rel=\"canonical\" href=\"https:\/\/eichelconsulting.com\/de\/contato\/\" \/>\n<meta property=\"og:locale\" content=\"de_DE\" \/>\n<meta property=\"og:type\" content=\"article\" \/>\n<meta property=\"og:title\" content=\"Contato - Eichel Consulting\" \/>\n<meta property=\"og:description\" content=\"Entre em contato comigo, que vou te ajudar a internacionalizar seu neg\u00f3cio e criar rela\u00e7\u00f5es comerciais com a Alemanha.\" \/>\n<meta property=\"og:url\" content=\"https:\/\/eichelconsulting.com\/de\/contato\/\" \/>\n<meta property=\"og:site_name\" content=\"Eichel Consulting\" \/>\n<meta property=\"article:modified_time\" content=\"2024-11-22T13:57:50+00:00\" \/>\n<meta property=\"og:image\" content=\"https:\/\/eichelconsulting.com\/wp-content\/uploads\/2021\/11\/aline-135x300.jpeg\" \/>\n<meta name=\"twitter:card\" content=\"summary_large_image\" \/>\n<script type=\"application\/ld+json\" class=\"yoast-schema-graph\">{\"@context\":\"https:\\\/\\\/schema.org\",\"@graph\":[{\"@type\":[\"WebPage\",\"ContactPage\"],\"@id\":\"https:\\\/\\\/eichelconsulting.com\\\/contato\\\/\",\"url\":\"https:\\\/\\\/eichelconsulting.com\\\/contato\\\/\",\"name\":\"Contato - Eichel Consulting\",\"isPartOf\":{\"@id\":\"https:\\\/\\\/eichelconsulting.com\\\/#website\"},\"primaryImageOfPage\":{\"@id\":\"https:\\\/\\\/eichelconsulting.com\\\/contato\\\/#primaryimage\"},\"image\":{\"@id\":\"https:\\\/\\\/eichelconsulting.com\\\/contato\\\/#primaryimage\"},\"thumbnailUrl\":\"https:\\\/\\\/eichelconsulting.com\\\/wp-content\\\/uploads\\\/2021\\\/11\\\/aline-135x300.jpeg\",\"datePublished\":\"2021-11-13T19:48:15+00:00\",\"dateModified\":\"2024-11-22T13:57:50+00:00\",\"description\":\"Entre em contato comigo, que vou te ajudar a internacionalizar seu neg\u00f3cio e criar rela\u00e7\u00f5es comerciais com a Alemanha.\",\"breadcrumb\":{\"@id\":\"https:\\\/\\\/eichelconsulting.com\\\/contato\\\/#breadcrumb\"},\"inLanguage\":\"de\",\"potentialAction\":[{\"@type\":\"ReadAction\",\"target\":[\"https:\\\/\\\/eichelconsulting.com\\\/contato\\\/\"]}]},{\"@type\":\"ImageObject\",\"inLanguage\":\"de\",\"@id\":\"https:\\\/\\\/eichelconsulting.com\\\/contato\\\/#primaryimage\",\"url\":\"https:\\\/\\\/eichelconsulting.com\\\/wp-content\\\/uploads\\\/2021\\\/11\\\/aline-135x300.jpeg\",\"contentUrl\":\"https:\\\/\\\/eichelconsulting.com\\\/wp-content\\\/uploads\\\/2021\\\/11\\\/aline-135x300.jpeg\"},{\"@type\":\"BreadcrumbList\",\"@id\":\"https:\\\/\\\/eichelconsulting.com\\\/contato\\\/#breadcrumb\",\"itemListElement\":[{\"@type\":\"ListItem\",\"position\":1,\"name\":\"In\u00edcio\",\"item\":\"https:\\\/\\\/eichelconsulting.com\\\/\"},{\"@type\":\"ListItem\",\"position\":2,\"name\":\"Contato\"}]},{\"@type\":\"WebSite\",\"@id\":\"https:\\\/\\\/eichelconsulting.com\\\/#website\",\"url\":\"https:\\\/\\\/eichelconsulting.com\\\/\",\"name\":\"Eichel Consulting\",\"description\":\"Projetos de Internacionaliza\u00e7\u00e3o\",\"publisher\":{\"@id\":\"https:\\\/\\\/eichelconsulting.com\\\/#organization\"},\"potentialAction\":[{\"@type\":\"SearchAction\",\"target\":{\"@type\":\"EntryPoint\",\"urlTemplate\":\"https:\\\/\\\/eichelconsulting.com\\\/?s={search_term_string}\"},\"query-input\":{\"@type\":\"PropertyValueSpecification\",\"valueRequired\":true,\"valueName\":\"search_term_string\"}}],\"inLanguage\":\"de\"},{\"@type\":\"Organization\",\"@id\":\"https:\\\/\\\/eichelconsulting.com\\\/#organization\",\"name\":\"Eichel Consulting\",\"url\":\"https:\\\/\\\/eichelconsulting.com\\\/\",\"logo\":{\"@type\":\"ImageObject\",\"inLanguage\":\"de\",\"@id\":\"https:\\\/\\\/eichelconsulting.com\\\/#\\\/schema\\\/logo\\\/image\\\/\",\"url\":\"https:\\\/\\\/eichelconsulting.com\\\/wp-content\\\/uploads\\\/2021\\\/10\\\/cropped-logoweb.png\",\"contentUrl\":\"https:\\\/\\\/eichelconsulting.com\\\/wp-content\\\/uploads\\\/2021\\\/10\\\/cropped-logoweb.png\",\"width\":512,\"height\":512,\"caption\":\"Eichel Consulting\"},\"image\":{\"@id\":\"https:\\\/\\\/eichelconsulting.com\\\/#\\\/schema\\\/logo\\\/image\\\/\"},\"sameAs\":[\"http:\\\/\\\/instagram.com\\\/alineeichel\",\"https:\\\/\\\/www.linkedin.com\\\/in\\\/aline-silveira-eichel-434682102\"]}]}<\/script>\n<!-- \/ Yoast SEO plugin. -->","yoast_head_json":{"title":"Contato - Eichel Consulting","description":"Entre em contato comigo, que vou te ajudar a internacionalizar seu neg\u00f3cio e criar rela\u00e7\u00f5es comerciais com a Alemanha.","robots":{"index":"index","follow":"follow","max-snippet":"max-snippet:-1","max-image-preview":"max-image-preview:large","max-video-preview":"max-video-preview:-1"},"canonical":"https:\/\/eichelconsulting.com\/de\/contato\/","og_locale":"de_DE","og_type":"article","og_title":"Contato - Eichel Consulting","og_description":"Entre em contato comigo, que vou te ajudar a internacionalizar seu neg\u00f3cio e criar rela\u00e7\u00f5es comerciais com a Alemanha.","og_url":"https:\/\/eichelconsulting.com\/de\/contato\/","og_site_name":"Eichel Consulting","article_modified_time":"2024-11-22T13:57:50+00:00","og_image":[{"url":"https:\/\/eichelconsulting.com\/wp-content\/uploads\/2021\/11\/aline-135x300.jpeg","type":"","width":"","height":""}],"twitter_card":"summary_large_image","schema":{"@context":"https:\/\/schema.org","@graph":[{"@type":["WebPage","ContactPage"],"@id":"https:\/\/eichelconsulting.com\/contato\/","url":"https:\/\/eichelconsulting.com\/contato\/","name":"Contato - Eichel Consulting","isPartOf":{"@id":"https:\/\/eichelconsulting.com\/#website"},"primaryImageOfPage":{"@id":"https:\/\/eichelconsulting.com\/contato\/#primaryimage"},"image":{"@id":"https:\/\/eichelconsulting.com\/contato\/#primaryimage"},"thumbnailUrl":"https:\/\/eichelconsulting.com\/wp-content\/uploads\/2021\/11\/aline-135x300.jpeg","datePublished":"2021-11-13T19:48:15+00:00","dateModified":"2024-11-22T13:57:50+00:00","description":"Entre em contato comigo, que vou te ajudar a internacionalizar seu neg\u00f3cio e criar rela\u00e7\u00f5es comerciais com a Alemanha.","breadcrumb":{"@id":"https:\/\/eichelconsulting.com\/contato\/#breadcrumb"},"inLanguage":"de","potentialAction":[{"@type":"ReadAction","target":["https:\/\/eichelconsulting.com\/contato\/"]}]},{"@type":"ImageObject","inLanguage":"de","@id":"https:\/\/eichelconsulting.com\/contato\/#primaryimage","url":"https:\/\/eichelconsulting.com\/wp-content\/uploads\/2021\/11\/aline-135x300.jpeg","contentUrl":"https:\/\/eichelconsulting.com\/wp-content\/uploads\/2021\/11\/aline-135x300.jpeg"},{"@type":"BreadcrumbList","@id":"https:\/\/eichelconsulting.com\/contato\/#breadcrumb","itemListElement":[{"@type":"ListItem","position":1,"name":"In\u00edcio","item":"https:\/\/eichelconsulting.com\/"},{"@type":"ListItem","position":2,"name":"Contato"}]},{"@type":"WebSite","@id":"https:\/\/eichelconsulting.com\/#website","url":"https:\/\/eichelconsulting.com\/","name":"Eichel Consulting","description":"Internationalisierungsprojekte","publisher":{"@id":"https:\/\/eichelconsulting.com\/#organization"},"potentialAction":[{"@type":"SearchAction","target":{"@type":"EntryPoint","urlTemplate":"https:\/\/eichelconsulting.com\/?s={search_term_string}"},"query-input":{"@type":"PropertyValueSpecification","valueRequired":true,"valueName":"search_term_string"}}],"inLanguage":"de"},{"@type":"Organization","@id":"https:\/\/eichelconsulting.com\/#organization","name":"Eichel Consulting","url":"https:\/\/eichelconsulting.com\/","logo":{"@type":"ImageObject","inLanguage":"de","@id":"https:\/\/eichelconsulting.com\/#\/schema\/logo\/image\/","url":"https:\/\/eichelconsulting.com\/wp-content\/uploads\/2021\/10\/cropped-logoweb.png","contentUrl":"https:\/\/eichelconsulting.com\/wp-content\/uploads\/2021\/10\/cropped-logoweb.png","width":512,"height":512,"caption":"Eichel Consulting"},"image":{"@id":"https:\/\/eichelconsulting.com\/#\/schema\/logo\/image\/"},"sameAs":["http:\/\/instagram.com\/alineeichel","https:\/\/www.linkedin.com\/in\/aline-silveira-eichel-434682102"]}]}},"_links":{"self":[{"href":"https:\/\/eichelconsulting.com\/de\/wp-json\/wp\/v2\/pages\/1574","targetHints":{"allow":["GET"]}}],"collection":[{"href":"https:\/\/eichelconsulting.com\/de\/wp-json\/wp\/v2\/pages"}],"about":[{"href":"https:\/\/eichelconsulting.com\/de\/wp-json\/wp\/v2\/types\/page"}],"author":[{"embeddable":true,"href":"https:\/\/eichelconsulting.com\/de\/wp-json\/wp\/v2\/users\/6"}],"replies":[{"embeddable":true,"href":"https:\/\/eichelconsulting.com\/de\/wp-json\/wp\/v2\/comments?post=1574"}],"version-history":[{"count":73,"href":"https:\/\/eichelconsulting.com\/de\/wp-json\/wp\/v2\/pages\/1574\/revisions"}],"predecessor-version":[{"id":2274,"href":"https:\/\/eichelconsulting.com\/de\/wp-json\/wp\/v2\/pages\/1574\/revisions\/2274"}],"wp:attachment":[{"href":"https:\/\/eichelconsulting.com\/de\/wp-json\/wp\/v2\/media?parent=1574"}],"curies":[{"name":"wp","href":"https:\/\/api.w.org\/{rel}","templated":true}]}}