{"id":379,"date":"2021-08-04T18:09:54","date_gmt":"2021-08-04T12:39:54","guid":{"rendered":"http:\/\/eichelconsulting.sushiwebs.com\/?page_id=379"},"modified":"2023-11-14T22:50:52","modified_gmt":"2023-11-14T21:50:52","slug":"servicos","status":"publish","type":"page","link":"https:\/\/eichelconsulting.com\/de\/servicos\/","title":{"rendered":"Servi\u00e7os disponibilizados"},"content":{"rendered":"<h2>Unsere Dienstleistungen<\/h2>\n<p>Unsere Dienstleistungen sind sehr vielf\u00e4ltig. Wenn Sie Fragen haben, z\u00f6gern Sie nicht, uns \u00fcber unsere Website eine Anfrage zu schicken. <a href=\"https:\/\/eichelconsulting.com\/contato\/\">kontaktieren<\/a>.<\/p>\n\t\t<h3>Gesch\u00e4ftsanalyse<\/h3>\t\n\t\t\t<p><strong>Detaillierte Analyse und Sondierung; au\u00dferdem Ermittlung der Erwartungen und Bed\u00fcrfnisse des Unternehmens und\/oder des Herstellers. Begleitung und Vertretung auf Messen und Veranstaltungen.<\/strong><\/p>\n\t\t<h3>Registrierungsstelle<\/h3>\t\n\t\t\t<p><strong>AR ist befugt, digitale Zertifikate f\u00fcr Einzelpersonen oder Unternehmen schnell, qualitativ hochwertig und sicher auszustellen und die Rechtsg\u00fcltigkeit der damit in Brasilien durchgef\u00fchrten Transaktionen zu gew\u00e4hrleisten.<\/strong><\/p>\n\t\t<h3>Forschung<\/h3>\t\n\t\t\t<p><strong>Ausarbeitung des Gesch\u00e4ftsplans durch detaillierte Marktforschung und Durchf\u00fchrung von Durchf\u00fchrbarkeitsstudien, Bewertung von Alternativen und Vorschlagen von L\u00f6sungen.<\/strong><\/p>\n\t\t<h3>Projekte<\/h3>\t\n\t\t\t<strong>Erstellung eines Gesch\u00e4ftsplans; Erhebung, Analyse und Koordination von digitalen Plattformen und Marktpl\u00e4tzen;<\/strong><br \/>\n<strong>sowie die Aushandlung von Projektbedingungen und -priorit\u00e4ten.<\/strong>\n\t\t<h3>Back Office<\/h3>\t\n\t\t\t<strong>Detaillierte Analyse und Prospektionsarbeiten.<\/strong><br \/>\n<strong>Erkennen der Erwartungen und Bed\u00fcrfnisse des Unternehmens und\/oder des Herstellers. Begleitung und Vertretung auf Messen und Veranstaltungen.<\/strong>\n\t\t<h3>Beratung<\/h3>\t\n\t\t\t<p><strong>Erstellung von Management- und Verwaltungsberichten. Zus\u00e4tzlich zu den Cashflow-<\/strong><strong>ontrollen und der detaillierten Bankabstimmung der Einnahmen und Ausgaben.<\/strong><\/p>\n\t\t<h3>Virtuelles B\u00fcro<\/h3>\t\n\t\t\t<p><strong>Das virtuelle B\u00fcro bietet Pr\u00e4senz und Sichtbarkeit auf der internationalen B\u00fchne und macht die Gr\u00fcndung einer juristischen Person im Ausland \u00fcberfl\u00fcssig.<\/strong><\/p>\n\t\t<h3>Partnerschaften<\/h3>\t\n\t\t\t<p><strong>Die Identifizierung und der Aufbau von Gesch\u00e4ftspartnerschaften ist eine Kernkompetenz, die die strategische \u00dcberwachung von Kunden und Lieferanten umfasst.<\/strong><\/p>\n\t<br \/>\n\t\t\t\t<img loading=\"lazy\" decoding=\"async\" src=\"https:\/\/eichelconsulting.com\/wp-content\/uploads\/2021\/10\/impressum.jpg\" alt=\"servi\u00e7os\" itemprop=\"image\" height=\"1063\" width=\"1617\" title=\"impressum\" onerror=\"this.style.display='none'\"  \/>\n\t\t\t\t<img decoding=\"async\" src=\"http:\/\/eichelconsulting.com\/wp-content\/uploads\/2021\/08\/Consulting.jpg\" alt=\"Consulting\" itemprop=\"image\" title=\"Consulting\" onerror=\"this.style.display='none'\"  \/>\n\t\n\t<h2>Digitales Zertifikat<\/h2>\n<h2>INTERCONTI-Partner. Autorisierter SERASA-Vertriebspartner<\/h2>\n<p>Wir sind offizielle und zertifizierte Partner von INTERCONTI. Wir sind der von SERASA autorisierte Vertriebspartner f\u00fcr die Ausstellung von digitalen Zertifikaten und virtuellen Dokumenten, den sogenannten E-Dokumenten. Auf diese Weise garantieren wir Sicherheit und Zuverl\u00e4ssigkeit.<\/p>\n<h2>Digitales Ausstellen<\/h2>\n<p>Das digitale Zertifikat ist die digitale Identit\u00e4t von Personen und Unternehmen in der elektronischen Umgebung. Es garantiert die Authentizit\u00e4t, Vertraulichkeit, Integrit\u00e4t und Nichtabstreitbarkeit der \u00fcber es abgewickelten Vorg\u00e4nge und verleiht ihnen Rechtsg\u00fcltigkeit. Sie sind daher eine nachhaltige, moderne und sichere Alternative zu Papierdokumenten.<\/p>\n<h4>E-CPF<\/h4>\n<p>Elektronische Version des bekannten CPF. Sie erm\u00f6glicht auch die Durchf\u00fchrung von Transaktionen \u00fcber das Internet mit der gleichen Rechtsg\u00fcltigkeit wie das physische Dokument, aber mit hervorragender Praktikabilit\u00e4t.<\/p>\n<h4>NF-E<\/h4>\n<p>Zertifikat f\u00fcr die Ausstellung von Rechnungen, mit verschiedenen Modelloptionen, je nach den Bed\u00fcrfnissen Ihres Unternehmens. Sehr schnell und effizient.<\/p>\n<h4>E-CNPJ<\/h4>\n<p>Digitale Identit\u00e4t, die f\u00fcr juristische Personen bestimmt und mit dem CNPJ verbunden ist. Sie identifiziert Sie auch in der elektronischen Umgebung und erm\u00f6glicht es Ihnen, verschiedene Dienstleistungen zu erbringen. Mit ihr k\u00f6nnen Sie Dokumente digital unterzeichnen, Daten \u00fcbermitteln und die steuerlichen Verpflichtungen erf\u00fcllen, die jedes Unternehmen gegen\u00fcber der Regierung hat, wobei die Integrit\u00e4t und Sicherheit Ihrer Informationen gew\u00e4hrleistet ist.<\/p>\n<p>Wenn Sie also noch Fragen haben, sei es zur Verf\u00fcgbarkeit, zu Zeitpl\u00e4nen, zur Terminplanung, zu Ausstellungszeiten oder zu anderen Themen, z\u00f6gern Sie bitte nicht, mich zu kontaktieren. Z\u00f6gern Sie nicht, mich zu <a href=\"https:\/\/eichelconsulting.com\/contato\/\">kontaktieren<\/a> .<\/p>\n<p>Vor allem aber sind wir immer f\u00fcr Sie da.<\/p>\n\t\t\t\t<a href=\"https:\/\/interconticertificado.com.br\/\" target=\"_self\" itemprop=\"url\" rel=\"noopener\">\n\t\t\t\t<img loading=\"lazy\" decoding=\"async\" src=\"https:\/\/eichelconsulting.com\/wp-content\/uploads\/2022\/11\/logotipo_interconti1_290318_2_v5_APROVADA_WORLWIDE.png\" alt=\"logotipo_interconti1_290318_2_v5_APROVADA_WORLWIDE\" itemprop=\"image\" height=\"2091\" width=\"2057\" title=\"logotipo_interconti1_290318_2_v5_APROVADA_WORLWIDE\" onerror=\"this.style.display='none'\"  \/>\n\t\t\t\t<\/a>\n\t\t\t\t<img loading=\"lazy\" decoding=\"async\" src=\"https:\/\/eichelconsulting.com\/wp-content\/uploads\/2022\/11\/Serasa-Experian-Portrair-TM-RGB.jpg\" alt=\"Servi\u00e7os Serasa\" itemprop=\"image\" height=\"517\" width=\"943\" title=\"Experian SBM TM RGB\" onerror=\"this.style.display='none'\"  \/>","protected":false},"excerpt":{"rendered":"<p>Nossos Servi\u00e7os Nossos servi\u00e7os s\u00e3o diversos, portanto caso precise de algum esclarecimento, n\u00e3o hesite em enviar alguma pergunta pelo nosso contato. An\u00e1lise Empresarial An\u00e1lise e prospec\u00e7\u00e3o detalhadas; adicionalmente, detectar expectativas e necessidades da empresa e\/ou do produtor. Acompanhamento e representa\u00e7\u00f5es em feiras e eventos. Agente de Registro AR autorizado para emiss\u00e3o do certificado digital, seja [&hellip;]<\/p>\n","protected":false},"author":6,"featured_media":0,"parent":0,"menu_order":0,"comment_status":"closed","ping_status":"closed","template":"","meta":{"site-sidebar-layout":"default","site-content-layout":"default","ast-site-content-layout":"","site-content-style":"default","site-sidebar-style":"default","ast-global-header-display":"","ast-banner-title-visibility":"","ast-main-header-display":"","ast-hfb-above-header-display":"","ast-hfb-below-header-display":"","ast-hfb-mobile-header-display":"","site-post-title":"disabled","ast-breadcrumbs-content":null,"ast-featured-img":"","footer-sml-layout":"","theme-transparent-header-meta":"default","adv-header-id-meta":null,"stick-header-meta":null,"header-above-stick-meta":null,"header-main-stick-meta":null,"header-below-stick-meta":null,"astra-migrate-meta-layouts":"default","ast-page-background-enabled":"default","ast-page-background-meta":{"desktop":{"background-color":"","background-image":"","background-repeat":"repeat","background-position":"center center","background-size":"auto","background-attachment":"scroll","background-type":"","background-media":"","overlay-type":"","overlay-color":"","overlay-opacity":"","overlay-gradient":""},"tablet":{"background-color":"","background-image":"","background-repeat":"repeat","background-position":"center center","background-size":"auto","background-attachment":"scroll","background-type":"","background-media":"","overlay-type":"","overlay-color":"","overlay-opacity":"","overlay-gradient":""},"mobile":{"background-color":"","background-image":"","background-repeat":"repeat","background-position":"center center","background-size":"auto","background-attachment":"scroll","background-type":"","background-media":"","overlay-type":"","overlay-color":"","overlay-opacity":"","overlay-gradient":""}},"ast-content-background-meta":{"desktop":{"background-color":"var(--ast-global-color-5)","background-image":"","background-repeat":"repeat","background-position":"center center","background-size":"auto","background-attachment":"scroll","background-type":"","background-media":"","overlay-type":"","overlay-color":"","overlay-opacity":"","overlay-gradient":""},"tablet":{"background-color":"var(--ast-global-color-5)","background-image":"","background-repeat":"repeat","background-position":"center center","background-size":"auto","background-attachment":"scroll","background-type":"","background-media":"","overlay-type":"","overlay-color":"","overlay-opacity":"","overlay-gradient":""},"mobile":{"background-color":"var(--ast-global-color-5)","background-image":"","background-repeat":"repeat","background-position":"center center","background-size":"auto","background-attachment":"scroll","background-type":"","background-media":"","overlay-type":"","overlay-color":"","overlay-opacity":"","overlay-gradient":""}},"footnotes":""},"class_list":["post-379","page","type-page","status-publish","hentry"],"yoast_head":"<!-- This site is optimized with the Yoast SEO plugin v27.5 - https:\/\/yoast.com\/product\/yoast-seo-wordpress\/ -->\n<title>Servi\u00e7os disponibilizados - Eichel Consulting<\/title>\n<meta name=\"description\" content=\"Confira os nossos servi\u00e7os dispon\u00edveis para auxiliar voc\u00ea na internacionaliza\u00e7\u00e3o da sua empresa na Alemanha.\" \/>\n<meta name=\"robots\" content=\"index, follow, max-snippet:-1, max-image-preview:large, max-video-preview:-1\" \/>\n<link rel=\"canonical\" href=\"https:\/\/eichelconsulting.com\/de\/servicos\/\" \/>\n<meta property=\"og:locale\" content=\"de_DE\" \/>\n<meta property=\"og:type\" content=\"article\" \/>\n<meta property=\"og:title\" content=\"Servi\u00e7os disponibilizados - Eichel Consulting\" \/>\n<meta property=\"og:description\" content=\"Confira os nossos servi\u00e7os dispon\u00edveis para auxiliar voc\u00ea na internacionaliza\u00e7\u00e3o da sua empresa na Alemanha.\" \/>\n<meta property=\"og:url\" content=\"https:\/\/eichelconsulting.com\/de\/servicos\/\" \/>\n<meta property=\"og:site_name\" content=\"Eichel Consulting\" \/>\n<meta property=\"article:modified_time\" content=\"2023-11-14T21:50:52+00:00\" \/>\n<meta property=\"og:image\" content=\"https:\/\/eichelconsulting.com\/wp-content\/uploads\/2021\/10\/impressum.jpg\" \/>\n<meta name=\"twitter:card\" content=\"summary_large_image\" \/>\n<meta name=\"twitter:label1\" content=\"Gesch\u00e4tzte Lesezeit\" \/>\n\t<meta name=\"twitter:data1\" content=\"3\u00a0Minuten\" \/>\n<script type=\"application\/ld+json\" class=\"yoast-schema-graph\">{\"@context\":\"https:\\\/\\\/schema.org\",\"@graph\":[{\"@type\":\"WebPage\",\"@id\":\"https:\\\/\\\/eichelconsulting.com\\\/servicos\\\/\",\"url\":\"https:\\\/\\\/eichelconsulting.com\\\/servicos\\\/\",\"name\":\"Servi\u00e7os disponibilizados - Eichel Consulting\",\"isPartOf\":{\"@id\":\"https:\\\/\\\/eichelconsulting.com\\\/#website\"},\"primaryImageOfPage\":{\"@id\":\"https:\\\/\\\/eichelconsulting.com\\\/servicos\\\/#primaryimage\"},\"image\":{\"@id\":\"https:\\\/\\\/eichelconsulting.com\\\/servicos\\\/#primaryimage\"},\"thumbnailUrl\":\"https:\\\/\\\/eichelconsulting.com\\\/wp-content\\\/uploads\\\/2021\\\/10\\\/impressum.jpg\",\"datePublished\":\"2021-08-04T12:39:54+00:00\",\"dateModified\":\"2023-11-14T21:50:52+00:00\",\"description\":\"Confira os nossos servi\u00e7os dispon\u00edveis para auxiliar voc\u00ea na internacionaliza\u00e7\u00e3o da sua empresa na Alemanha.\",\"breadcrumb\":{\"@id\":\"https:\\\/\\\/eichelconsulting.com\\\/servicos\\\/#breadcrumb\"},\"inLanguage\":\"de\",\"potentialAction\":[{\"@type\":\"ReadAction\",\"target\":[\"https:\\\/\\\/eichelconsulting.com\\\/servicos\\\/\"]}]},{\"@type\":\"ImageObject\",\"inLanguage\":\"de\",\"@id\":\"https:\\\/\\\/eichelconsulting.com\\\/servicos\\\/#primaryimage\",\"url\":\"https:\\\/\\\/eichelconsulting.com\\\/wp-content\\\/uploads\\\/2021\\\/10\\\/impressum.jpg\",\"contentUrl\":\"https:\\\/\\\/eichelconsulting.com\\\/wp-content\\\/uploads\\\/2021\\\/10\\\/impressum.jpg\"},{\"@type\":\"BreadcrumbList\",\"@id\":\"https:\\\/\\\/eichelconsulting.com\\\/servicos\\\/#breadcrumb\",\"itemListElement\":[{\"@type\":\"ListItem\",\"position\":1,\"name\":\"In\u00edcio\",\"item\":\"https:\\\/\\\/eichelconsulting.com\\\/\"},{\"@type\":\"ListItem\",\"position\":2,\"name\":\"Servi\u00e7os disponibilizados\"}]},{\"@type\":\"WebSite\",\"@id\":\"https:\\\/\\\/eichelconsulting.com\\\/#website\",\"url\":\"https:\\\/\\\/eichelconsulting.com\\\/\",\"name\":\"Eichel Consulting\",\"description\":\"Projetos de Internacionaliza\u00e7\u00e3o\",\"publisher\":{\"@id\":\"https:\\\/\\\/eichelconsulting.com\\\/#organization\"},\"potentialAction\":[{\"@type\":\"SearchAction\",\"target\":{\"@type\":\"EntryPoint\",\"urlTemplate\":\"https:\\\/\\\/eichelconsulting.com\\\/?s={search_term_string}\"},\"query-input\":{\"@type\":\"PropertyValueSpecification\",\"valueRequired\":true,\"valueName\":\"search_term_string\"}}],\"inLanguage\":\"de\"},{\"@type\":\"Organization\",\"@id\":\"https:\\\/\\\/eichelconsulting.com\\\/#organization\",\"name\":\"Eichel Consulting\",\"url\":\"https:\\\/\\\/eichelconsulting.com\\\/\",\"logo\":{\"@type\":\"ImageObject\",\"inLanguage\":\"de\",\"@id\":\"https:\\\/\\\/eichelconsulting.com\\\/#\\\/schema\\\/logo\\\/image\\\/\",\"url\":\"https:\\\/\\\/eichelconsulting.com\\\/wp-content\\\/uploads\\\/2021\\\/10\\\/cropped-logoweb.png\",\"contentUrl\":\"https:\\\/\\\/eichelconsulting.com\\\/wp-content\\\/uploads\\\/2021\\\/10\\\/cropped-logoweb.png\",\"width\":512,\"height\":512,\"caption\":\"Eichel Consulting\"},\"image\":{\"@id\":\"https:\\\/\\\/eichelconsulting.com\\\/#\\\/schema\\\/logo\\\/image\\\/\"},\"sameAs\":[\"http:\\\/\\\/instagram.com\\\/alineeichel\",\"https:\\\/\\\/www.linkedin.com\\\/in\\\/aline-silveira-eichel-434682102\"]}]}<\/script>\n<!-- \/ Yoast SEO plugin. -->","yoast_head_json":{"title":"Servi\u00e7os disponibilizados - Eichel Consulting","description":"Confira os nossos servi\u00e7os dispon\u00edveis para auxiliar voc\u00ea na internacionaliza\u00e7\u00e3o da sua empresa na Alemanha.","robots":{"index":"index","follow":"follow","max-snippet":"max-snippet:-1","max-image-preview":"max-image-preview:large","max-video-preview":"max-video-preview:-1"},"canonical":"https:\/\/eichelconsulting.com\/de\/servicos\/","og_locale":"de_DE","og_type":"article","og_title":"Servi\u00e7os disponibilizados - Eichel Consulting","og_description":"Confira os nossos servi\u00e7os dispon\u00edveis para auxiliar voc\u00ea na internacionaliza\u00e7\u00e3o da sua empresa na Alemanha.","og_url":"https:\/\/eichelconsulting.com\/de\/servicos\/","og_site_name":"Eichel Consulting","article_modified_time":"2023-11-14T21:50:52+00:00","og_image":[{"url":"https:\/\/eichelconsulting.com\/wp-content\/uploads\/2021\/10\/impressum.jpg","type":"","width":"","height":""}],"twitter_card":"summary_large_image","twitter_misc":{"Gesch\u00e4tzte Lesezeit":"3\u00a0Minuten"},"schema":{"@context":"https:\/\/schema.org","@graph":[{"@type":"WebPage","@id":"https:\/\/eichelconsulting.com\/servicos\/","url":"https:\/\/eichelconsulting.com\/servicos\/","name":"Servi\u00e7os disponibilizados - Eichel Consulting","isPartOf":{"@id":"https:\/\/eichelconsulting.com\/#website"},"primaryImageOfPage":{"@id":"https:\/\/eichelconsulting.com\/servicos\/#primaryimage"},"image":{"@id":"https:\/\/eichelconsulting.com\/servicos\/#primaryimage"},"thumbnailUrl":"https:\/\/eichelconsulting.com\/wp-content\/uploads\/2021\/10\/impressum.jpg","datePublished":"2021-08-04T12:39:54+00:00","dateModified":"2023-11-14T21:50:52+00:00","description":"Confira os nossos servi\u00e7os dispon\u00edveis para auxiliar voc\u00ea na internacionaliza\u00e7\u00e3o da sua empresa na Alemanha.","breadcrumb":{"@id":"https:\/\/eichelconsulting.com\/servicos\/#breadcrumb"},"inLanguage":"de","potentialAction":[{"@type":"ReadAction","target":["https:\/\/eichelconsulting.com\/servicos\/"]}]},{"@type":"ImageObject","inLanguage":"de","@id":"https:\/\/eichelconsulting.com\/servicos\/#primaryimage","url":"https:\/\/eichelconsulting.com\/wp-content\/uploads\/2021\/10\/impressum.jpg","contentUrl":"https:\/\/eichelconsulting.com\/wp-content\/uploads\/2021\/10\/impressum.jpg"},{"@type":"BreadcrumbList","@id":"https:\/\/eichelconsulting.com\/servicos\/#breadcrumb","itemListElement":[{"@type":"ListItem","position":1,"name":"In\u00edcio","item":"https:\/\/eichelconsulting.com\/"},{"@type":"ListItem","position":2,"name":"Servi\u00e7os disponibilizados"}]},{"@type":"WebSite","@id":"https:\/\/eichelconsulting.com\/#website","url":"https:\/\/eichelconsulting.com\/","name":"Eichel Consulting","description":"Internationalisierungsprojekte","publisher":{"@id":"https:\/\/eichelconsulting.com\/#organization"},"potentialAction":[{"@type":"SearchAction","target":{"@type":"EntryPoint","urlTemplate":"https:\/\/eichelconsulting.com\/?s={search_term_string}"},"query-input":{"@type":"PropertyValueSpecification","valueRequired":true,"valueName":"search_term_string"}}],"inLanguage":"de"},{"@type":"Organization","@id":"https:\/\/eichelconsulting.com\/#organization","name":"Eichel Consulting","url":"https:\/\/eichelconsulting.com\/","logo":{"@type":"ImageObject","inLanguage":"de","@id":"https:\/\/eichelconsulting.com\/#\/schema\/logo\/image\/","url":"https:\/\/eichelconsulting.com\/wp-content\/uploads\/2021\/10\/cropped-logoweb.png","contentUrl":"https:\/\/eichelconsulting.com\/wp-content\/uploads\/2021\/10\/cropped-logoweb.png","width":512,"height":512,"caption":"Eichel Consulting"},"image":{"@id":"https:\/\/eichelconsulting.com\/#\/schema\/logo\/image\/"},"sameAs":["http:\/\/instagram.com\/alineeichel","https:\/\/www.linkedin.com\/in\/aline-silveira-eichel-434682102"]}]}},"_links":{"self":[{"href":"https:\/\/eichelconsulting.com\/de\/wp-json\/wp\/v2\/pages\/379","targetHints":{"allow":["GET"]}}],"collection":[{"href":"https:\/\/eichelconsulting.com\/de\/wp-json\/wp\/v2\/pages"}],"about":[{"href":"https:\/\/eichelconsulting.com\/de\/wp-json\/wp\/v2\/types\/page"}],"author":[{"embeddable":true,"href":"https:\/\/eichelconsulting.com\/de\/wp-json\/wp\/v2\/users\/6"}],"replies":[{"embeddable":true,"href":"https:\/\/eichelconsulting.com\/de\/wp-json\/wp\/v2\/comments?post=379"}],"version-history":[{"count":99,"href":"https:\/\/eichelconsulting.com\/de\/wp-json\/wp\/v2\/pages\/379\/revisions"}],"predecessor-version":[{"id":2248,"href":"https:\/\/eichelconsulting.com\/de\/wp-json\/wp\/v2\/pages\/379\/revisions\/2248"}],"wp:attachment":[{"href":"https:\/\/eichelconsulting.com\/de\/wp-json\/wp\/v2\/media?parent=379"}],"curies":[{"name":"wp","href":"https:\/\/api.w.org\/{rel}","templated":true}]}}