{"id":921,"date":"2021-08-21T05:58:32","date_gmt":"2021-08-21T03:58:32","guid":{"rendered":"http:\/\/eichelconsulting.sushiwebs.com\/?page_id=921"},"modified":"2023-11-21T14:28:46","modified_gmt":"2023-11-21T13:28:46","slug":"internacionalizacao","status":"publish","type":"page","link":"https:\/\/eichelconsulting.com\/de\/","title":{"rendered":"Internacionaliza\u00e7\u00e3o home"},"content":{"rendered":"<p>&nbsp;<\/p>\n<p>Kompetente Beratung f\u00fcr Ihr Internationalisierungsprojekt in Deutschland.<\/p>\n\t\t\t\t<img loading=\"lazy\" decoding=\"async\" src=\"https:\/\/eichelconsulting.com\/wp-content\/uploads\/2021\/10\/cropped-logoweb.png\" alt=\"http:\/\/eichelconsulting.com\/wp-content\/uploads\/2021\/10\/cropped-logoweb.png\" itemprop=\"image\" height=\"512\" width=\"512\" title=\"Eichel Consulting internacionaliza\u00e7\u00e3o\" onerror=\"this.style.display='none'\"  \/>\n\t<h2>Eichel Consulting<\/h2>\n<p>Eichel Consulting ist ein unabh\u00e4ngiges Unternehmen mit Sitz in Berlin, der pulsierenden Hauptstadt Deutschlands und dem Epizentrum Europas. Unter der Leitung <a href=\"https:\/\/eichelconsulting.com\/aline-eichel\/\">eines Brasilianers mit deutscher Staatsangeh\u00f6rigkeit<\/a>widmen wir uns der Unterst\u00fctzung von Kleinst-, Klein- und mittelst\u00e4ndischen Unternehmen sowie brasilianischen Landwirten in ihrem Bestreben, solide Handelsbeziehungen mit Deutschland, <a href=\"https:\/\/www.berlinoffice-usa.com\/why-berlin\/\">Europas f\u00fchrender Wirtschaft, aufzubauen.<\/a>.<\/p>\n<p>Unser spezialisierter Ansatz umfasst nicht nur Beratung, sondern auch aktives Engagement in jeder Phase des Prozesses. Wir arbeiten daran, den Unternehmen, die wir beraten, Sichtbarkeit zu verschaffen, unternehmerische Profile zu entwickeln, die Gesch\u00e4ftst\u00e4tigkeit zu erweitern und neue M\u00f6glichkeiten an einem strategischen Standort in Europa zu erkunden. Wie auch immer die unternehmerischen Ambitionen aussehen, wir sind da, um sie zu begleiten und zu unterst\u00fctzen und sicherzustellen, dass jeder Kunde seine Ziele mit Bravour erreicht und auf dem europ\u00e4ischen Markt erfolgreich ist.<\/p>\n<h2>Engagement<\/h2>\n<p>Dar\u00fcber hinaus geht unser Engagement \u00fcber die reine Beratung hinaus; wir arbeiten intensiv daran, den von uns beratenen Unternehmen Sichtbarkeit zu verschaffen. Um unternehmerische Profile zu entwickeln, die Gesch\u00e4ftst\u00e4tigkeit auszuweiten und neue M\u00f6glichkeiten f\u00fcr Partnerschaften und Technologien zu erkunden, haben wir uns an einem strategischen Standort in Europa niedergelassen.<\/p>\n<p>Wir bei Eichel Consulting sind fest entschlossen, der Katalysator f\u00fcr das Wachstum und den Erfolg unserer Kunden auf dem europ\u00e4ischen Markt zu sein. Auf diese Weise bieten wir auch spezialisierte Unterst\u00fctzung und pers\u00f6nliche Beratung f\u00fcr jede gesch\u00e4ftliche Herausforderung, um einen umfassenden und effizienten Ansatz f\u00fcr die Internationalisierung Ihres Unternehmens zu gew\u00e4hrleisten. Mit einem engagierten und erfahrenen Team sind wir bereit, die spezifischen Herausforderungen des europ\u00e4ischen Marktes zu meistern und Ihr Unternehmen zum globalen Erfolg zu f\u00fchren.<\/p>\n<p>Auf diese Weise stellen wir sicher, dass jeder Schritt des Prozesses sorgf\u00e4ltig geplant und ausgef\u00fchrt wird, wobei wir uns an die Besonderheiten des europ\u00e4ischen Marktes anpassen. Wie auch immer die gesch\u00e4ftlichen Ambitionen Ihres Unternehmens aussehen, wir helfen Ihnen dabei, Ihre Ziele zu verwirklichen.<\/p>\n<p>Und schlie\u00dflich geht unser Engagement \u00fcber eine einfache Beratung hinaus: Wir arbeiten Seite an Seite mit unseren Kunden, bieten ihnen Fachwissen und kontinuierliche Unterst\u00fctzung, um ihnen zu helfen, den gew\u00fcnschten Erfolg bei ihren internationalen Unternehmungen zu erzielen.<\/p>\n<h2>Was ist Internationalisierung \u00fcberhaupt?<\/h2>\n<p>Die Internationalisierung eines Unternehmens findet vor allem dann statt, wenn es seine T\u00e4tigkeit auf andere L\u00e4nder ausdehnt. Diese Expansion kann jedoch auf verschiedene Weise erfolgen, z. B. durch den Verkauf von Produkten auf ausl\u00e4ndischen M\u00e4rkten, die Er\u00f6ffnung von Niederlassungen in anderen L\u00e4ndern oder die Gr\u00fcndung von Partnerschaften mit lokalen Unternehmen. Das Hauptziel dieses Prozesses ist es, das Unternehmenswachstum zu f\u00f6rdern, neue Kunden zu erreichen und die mit dem Binnenmarkt verbundenen Risiken zu mindern.<\/p>\n<p>Um diese Strategie zu verwirklichen, ist eine sorgf\u00e4ltige Planung erforderlich. Dar\u00fcber hinaus ist die F\u00e4higkeit, sich an unterschiedliche Gesch\u00e4ftsumgebungen anzupassen, von entscheidender Bedeutung. Anpassungen von Produkten oder Dienstleistungen sind oft unerl\u00e4sslich, um der lokalen Nachfrage gerecht zu werden. Die Internationalisierung beschr\u00e4nkt sich also nicht auf wirtschaftliche Vorteile, sondern bietet dem Unternehmen auch die M\u00f6glichkeit, von anderen Kulturen zu lernen, was seine Perspektive bereichert und seine globale Pr\u00e4senz st\u00e4rkt.<\/p>\n<p>Dieser globale Ansatz tr\u00e4gt also nicht nur zur kommerziellen Expansion bei, sondern auch zur Entwicklung der Organisation in Bezug auf kulturelle Vielfalt und Anpassungsf\u00e4higkeit - entscheidende Elemente f\u00fcr den Erfolg in einem globalisierten Umfeld.<\/p>\n<h2>\n\t\tDienstleistungen\n\t<\/h2>\n\t<h3>Gesch\u00e4ftsanalyse<\/h3>\n\t<strong>Detaillierte Analyse und Prospektionsarbeiten;<\/strong><br \/>\n<strong>Erkennen Sie die Erwartungen und Bed\u00fcrfnisse des Unternehmens und\/oder des Herstellers.<\/strong><br \/>\n<strong>Begleitung und Vertretung auf Messen und Veranstaltungen.<\/strong>\n\t<h3>Registrierungsstelle<\/h3>\n\t<p><strong>AR befugt, digitale Zertifikate f\u00fcr Einzelpersonen oder Unternehmen schnell, qualitativ hochwertig und sicher auszustellen, um die Rechtsg\u00fcltigkeit der damit in Brasilien durchgef\u00fchrten Transaktionen zu gew\u00e4hrleisten.<\/strong><\/p>\n\t<h3>Forschungen<\/h3>\n\t<strong>Kartierung des Gesch\u00e4fts durch detaillierte Marktforschung;<\/strong><br \/>\n<strong>Durchf\u00fchrung von Umsetzbarkeitsstudien, Bewertung von Alternativen und Vorschlagen von L\u00f6sungen.<\/strong>\n\t<h3>Projekte<\/h3>\n\t<strong>Erstellung eines Gesch\u00e4ftsplans; Erhebung, Analyse und Koordination von digitalen Plattformen und Marktpl\u00e4tzen;<\/strong><br \/>\n<strong>Aushandeln von Projektbedingungen und -priorit\u00e4ten.<\/strong>\n\t<h3>Back Office<\/h3>\n\t<strong>Detaillierte Analyse und Prospektionsarbeiten;<\/strong><br \/>\n<strong>Erkennen Sie die Erwartungen und Bed\u00fcrfnisse des Unternehmens und\/oder des Herstellers.<\/strong><br \/>\n<strong>Begleitung und Vertretung auf Messen und Veranstaltungen.<\/strong>\n\t<h3>Virtuelles B\u00fcro<\/h3>\n\t<p><strong>Das virtuelle B\u00fcro bietet Pr\u00e4senz und Sichtbarkeit auf der internationalen B\u00fchne und macht die Gr\u00fcndung einer juristischen Person im Ausland \u00fcberfl\u00fcssig.<\/strong><\/p>\n\t<h3>Partnerschaften<\/h3>\n\t<p><strong>Die Identifizierung und der Aufbau von Gesch\u00e4ftspartnerschaften ist eine Kernkompetenz, die die strategische \u00dcberwachung von Kunden und Lieferanten umfasst.<\/strong><\/p>\n\t<h3>Beratung<\/h3>\n\t<p><strong>Erstellung von Management- und Verwaltungsinformationsberichten, Cashflow-Kontrollen und detaillierten Bankabstimmungen von Einnahmen und Ausgaben.<\/strong><\/p>\n\t<h2>Wir sind offizieller Partner von Serasa Experian bei der Ausstellung von digitalen Zertifikaten.<\/h2>\n\t\t\t\t<a href=\"https:\/\/serasa.certificadodigital.com.br\/parceiro\/interconti-certificado-digital\/\" target=\"_self\" itemprop=\"url\" rel=\"noopener\">\n\t\t\t\t<img loading=\"lazy\" decoding=\"async\" src=\"https:\/\/eichelconsulting.com\/wp-content\/uploads\/2022\/11\/logotipo_interconti1_290318_2_v5_APROVADA_WORLWIDE.png\" alt=\"logotipo_interconti1_290318_2_v5_APROVADA_WORLWIDE\" itemprop=\"image\" height=\"2091\" width=\"2057\" title=\"logotipo_interconti1_290318_2_v5_APROVADA_WORLWIDE\" onerror=\"this.style.display='none'\"  \/>\n\t\t\t\t<\/a>\n\t\t\t\t<a href=\"https:\/\/www.serasaexperian.com.br\/\" target=\"_self\" itemprop=\"url\" rel=\"noopener\">\n\t\t\t\t<img loading=\"lazy\" decoding=\"async\" src=\"https:\/\/eichelconsulting.com\/wp-content\/uploads\/2022\/11\/Serasa-Experian-Portrair-TM-RGB.jpg\" alt=\"Servi\u00e7os Serasa\" itemprop=\"image\" height=\"517\" width=\"943\" title=\"Experian SBM TM RGB\" onerror=\"this.style.display='none'\"  \/>\n\t\t\t\t<\/a>\n\t<h2>Kurz gesagt, warum Berlin?<\/h2>\n<p>Die Entscheidung, in Berlin zu investieren, ist aufgrund der zahlreichen Vorteile, die die deutsche Hauptstadt bietet, eine strategische Entscheidung. Mit erschwinglichen Lebenshaltungskosten und einem sicheren Umfeld zeichnet sich Berlin auch durch seine Vitalit\u00e4t als junge, dynamische und multikulturelle Stadt aus.<\/p>\n<p>Berlin ist nicht nur Sitz der meisten deutschen Organisationen und der brasilianischen Botschaft, sondern gilt auch als europ\u00e4ische Hauptstadt der Start-ups und digitalen Unternehmen und zeichnet sich daher durch seine Innovations- und Exportorientierung aus.<\/p>\n<p>Renommierte Unternehmen wie Tesla, Sony, Universal, Pfizer, Bayer und Siemens sind in der Stadt, die auch mehrere Wirtschaftscluster beherbergt, stark vertreten.<\/p>\n<p>Berlin bietet ein g\u00fcnstiges Investitionsklima und verf\u00fcgt \u00fcber ein breites Spektrum an Finanzierungsprogrammen, Gesch\u00e4ftskrediten und Investitionen f\u00fcr alle Phasen der Unternehmensentwicklung. Die Ansiedlung eines Unternehmens in Berlin bietet au\u00dferdem einen privilegierten Zugang zum gro\u00dfen europ\u00e4ischen Markt und damit die M\u00f6glichkeit, vom freien Waren- und Dienstleistungsverkehr innerhalb der Europ\u00e4ischen Union zu profitieren.<\/p>\n<p>Mehr Informationen und andere Argumente finden Sie auf der offiziellen Website reasons why berlin.\u00a0<a href=\"https:\/\/reason-why.berlin\/\">reasons why berlin<\/a>.\u00a0<\/p>\n\t<p><em>* Todas a atua\u00e7\u00f5es \u00e9 prestados em l\u00edngua portuguesa do Brasil por brasileira nata. Ao mesmo tempo aux\u00edlio na comunica\u00e7\u00e3o local com flu\u00eancia em alem\u00e3o, espanhol, italiano, ingl\u00eas al\u00e9m de outros idiomas<\/em><\/p>","protected":false},"excerpt":{"rendered":"<p>&nbsp; Consultoria especializada para o seu projeto de internacionaliza\u00e7\u00e3o na Alemanha. Eichel Consulting A Eichel Consulting \u00e9 uma empresa aut\u00f4noma com sede em Berlim, a vibrante capital da Alemanha e epicentro da Europa. Sob a lideran\u00e7a de uma brasileira com nacionalidade alem\u00e3, dedicamos nossos esfor\u00e7os a auxiliar micro, pequenas e m\u00e9dias empresas, assim como produtores [&hellip;]<\/p>\n","protected":false},"author":6,"featured_media":0,"parent":0,"menu_order":0,"comment_status":"closed","ping_status":"closed","template":"","meta":{"site-sidebar-layout":"no-sidebar","site-content-layout":"default","ast-site-content-layout":"default","site-content-style":"default","site-sidebar-style":"default","ast-global-header-display":"","ast-banner-title-visibility":"","ast-main-header-display":"enabled","ast-hfb-above-header-display":"","ast-hfb-below-header-display":"","ast-hfb-mobile-header-display":"","site-post-title":"disabled","ast-breadcrumbs-content":"","ast-featured-img":"","footer-sml-layout":"","theme-transparent-header-meta":"disabled","adv-header-id-meta":"","stick-header-meta":"","header-above-stick-meta":"","header-main-stick-meta":"","header-below-stick-meta":"","astra-migrate-meta-layouts":"set","ast-page-background-enabled":"default","ast-page-background-meta":{"desktop":{"background-color":"","background-image":"","background-repeat":"repeat","background-position":"center center","background-size":"auto","background-attachment":"scroll","background-type":"","background-media":"","overlay-type":"","overlay-color":"","overlay-opacity":"","overlay-gradient":""},"tablet":{"background-color":"","background-image":"","background-repeat":"repeat","background-position":"center center","background-size":"auto","background-attachment":"scroll","background-type":"","background-media":"","overlay-type":"","overlay-color":"","overlay-opacity":"","overlay-gradient":""},"mobile":{"background-color":"","background-image":"","background-repeat":"repeat","background-position":"center center","background-size":"auto","background-attachment":"scroll","background-type":"","background-media":"","overlay-type":"","overlay-color":"","overlay-opacity":"","overlay-gradient":""}},"ast-content-background-meta":{"desktop":{"background-color":"var(--ast-global-color-5)","background-image":"","background-repeat":"repeat","background-position":"center center","background-size":"auto","background-attachment":"scroll","background-type":"","background-media":"","overlay-type":"","overlay-color":"","overlay-opacity":"","overlay-gradient":""},"tablet":{"background-color":"var(--ast-global-color-5)","background-image":"","background-repeat":"repeat","background-position":"center center","background-size":"auto","background-attachment":"scroll","background-type":"","background-media":"","overlay-type":"","overlay-color":"","overlay-opacity":"","overlay-gradient":""},"mobile":{"background-color":"var(--ast-global-color-5)","background-image":"","background-repeat":"repeat","background-position":"center center","background-size":"auto","background-attachment":"scroll","background-type":"","background-media":"","overlay-type":"","overlay-color":"","overlay-opacity":"","overlay-gradient":""}},"footnotes":""},"class_list":["post-921","page","type-page","status-publish","hentry"],"yoast_head":"<!-- This site is optimized with the Yoast SEO plugin v27.4 - https:\/\/yoast.com\/product\/yoast-seo-wordpress\/ -->\n<title>Internacionaliza\u00e7\u00e3o home - Eichel Consulting<\/title>\n<meta name=\"description\" content=\"Me chamo Aline Eichel, e vou te ajudar em tudo sobre internacionaliza\u00e7\u00e3o de seu neg\u00f3cio e criar rela\u00e7\u00f5es comerciais com a Alemanha.\" \/>\n<meta name=\"robots\" content=\"index, follow, max-snippet:-1, max-image-preview:large, max-video-preview:-1\" \/>\n<link rel=\"canonical\" href=\"https:\/\/eichelconsulting.com\/de\/\" \/>\n<meta property=\"og:locale\" content=\"de_DE\" \/>\n<meta property=\"og:type\" content=\"article\" \/>\n<meta property=\"og:title\" content=\"Internacionaliza\u00e7\u00e3o home - Eichel Consulting\" \/>\n<meta property=\"og:description\" content=\"Me chamo Aline Eichel, e vou te ajudar em tudo sobre internacionaliza\u00e7\u00e3o de seu neg\u00f3cio e criar rela\u00e7\u00f5es comerciais com a Alemanha.\" \/>\n<meta property=\"og:url\" content=\"https:\/\/eichelconsulting.com\/de\/\" \/>\n<meta property=\"og:site_name\" content=\"Eichel Consulting\" \/>\n<meta property=\"article:modified_time\" content=\"2023-11-21T13:28:46+00:00\" \/>\n<meta property=\"og:image\" content=\"https:\/\/eichelconsulting.com\/wp-content\/uploads\/2021\/10\/cropped-logoweb.png\" \/>\n<meta name=\"twitter:card\" content=\"summary_large_image\" \/>\n<meta name=\"twitter:label1\" content=\"Gesch\u00e4tzte Lesezeit\" \/>\n\t<meta name=\"twitter:data1\" content=\"5\u00a0Minuten\" \/>\n<script type=\"application\/ld+json\" class=\"yoast-schema-graph\">{\"@context\":\"https:\\\/\\\/schema.org\",\"@graph\":[{\"@type\":\"WebPage\",\"@id\":\"https:\\\/\\\/eichelconsulting.com\\\/\",\"url\":\"https:\\\/\\\/eichelconsulting.com\\\/\",\"name\":\"Internacionaliza\u00e7\u00e3o home - Eichel Consulting\",\"isPartOf\":{\"@id\":\"https:\\\/\\\/eichelconsulting.com\\\/#website\"},\"primaryImageOfPage\":{\"@id\":\"https:\\\/\\\/eichelconsulting.com\\\/#primaryimage\"},\"image\":{\"@id\":\"https:\\\/\\\/eichelconsulting.com\\\/#primaryimage\"},\"thumbnailUrl\":\"https:\\\/\\\/eichelconsulting.com\\\/wp-content\\\/uploads\\\/2021\\\/10\\\/cropped-logoweb.png\",\"datePublished\":\"2021-08-21T03:58:32+00:00\",\"dateModified\":\"2023-11-21T13:28:46+00:00\",\"description\":\"Me chamo Aline Eichel, e vou te ajudar em tudo sobre internacionaliza\u00e7\u00e3o de seu neg\u00f3cio e criar rela\u00e7\u00f5es comerciais com a Alemanha.\",\"breadcrumb\":{\"@id\":\"https:\\\/\\\/eichelconsulting.com\\\/#breadcrumb\"},\"inLanguage\":\"de\",\"potentialAction\":[{\"@type\":\"ReadAction\",\"target\":[\"https:\\\/\\\/eichelconsulting.com\\\/\"]}]},{\"@type\":\"ImageObject\",\"inLanguage\":\"de\",\"@id\":\"https:\\\/\\\/eichelconsulting.com\\\/#primaryimage\",\"url\":\"https:\\\/\\\/eichelconsulting.com\\\/wp-content\\\/uploads\\\/2021\\\/10\\\/cropped-logoweb.png\",\"contentUrl\":\"https:\\\/\\\/eichelconsulting.com\\\/wp-content\\\/uploads\\\/2021\\\/10\\\/cropped-logoweb.png\"},{\"@type\":\"BreadcrumbList\",\"@id\":\"https:\\\/\\\/eichelconsulting.com\\\/#breadcrumb\",\"itemListElement\":[{\"@type\":\"ListItem\",\"position\":1,\"name\":\"In\u00edcio\",\"item\":\"https:\\\/\\\/eichelconsulting.com\\\/\"},{\"@type\":\"ListItem\",\"position\":2,\"name\":\"Internacionaliza\u00e7\u00e3o home\"}]},{\"@type\":\"WebSite\",\"@id\":\"https:\\\/\\\/eichelconsulting.com\\\/#website\",\"url\":\"https:\\\/\\\/eichelconsulting.com\\\/\",\"name\":\"Eichel Consulting\",\"description\":\"Projetos de Internacionaliza\u00e7\u00e3o\",\"publisher\":{\"@id\":\"https:\\\/\\\/eichelconsulting.com\\\/#organization\"},\"potentialAction\":[{\"@type\":\"SearchAction\",\"target\":{\"@type\":\"EntryPoint\",\"urlTemplate\":\"https:\\\/\\\/eichelconsulting.com\\\/?s={search_term_string}\"},\"query-input\":{\"@type\":\"PropertyValueSpecification\",\"valueRequired\":true,\"valueName\":\"search_term_string\"}}],\"inLanguage\":\"de\"},{\"@type\":\"Organization\",\"@id\":\"https:\\\/\\\/eichelconsulting.com\\\/#organization\",\"name\":\"Eichel Consulting\",\"url\":\"https:\\\/\\\/eichelconsulting.com\\\/\",\"logo\":{\"@type\":\"ImageObject\",\"inLanguage\":\"de\",\"@id\":\"https:\\\/\\\/eichelconsulting.com\\\/#\\\/schema\\\/logo\\\/image\\\/\",\"url\":\"https:\\\/\\\/eichelconsulting.com\\\/wp-content\\\/uploads\\\/2021\\\/10\\\/cropped-logoweb.png\",\"contentUrl\":\"https:\\\/\\\/eichelconsulting.com\\\/wp-content\\\/uploads\\\/2021\\\/10\\\/cropped-logoweb.png\",\"width\":512,\"height\":512,\"caption\":\"Eichel Consulting\"},\"image\":{\"@id\":\"https:\\\/\\\/eichelconsulting.com\\\/#\\\/schema\\\/logo\\\/image\\\/\"},\"sameAs\":[\"http:\\\/\\\/instagram.com\\\/alineeichel\",\"https:\\\/\\\/www.linkedin.com\\\/in\\\/aline-silveira-eichel-434682102\"]}]}<\/script>\n<!-- \/ Yoast SEO plugin. -->","yoast_head_json":{"title":"Internacionaliza\u00e7\u00e3o home - Eichel Consulting","description":"Me chamo Aline Eichel, e vou te ajudar em tudo sobre internacionaliza\u00e7\u00e3o de seu neg\u00f3cio e criar rela\u00e7\u00f5es comerciais com a Alemanha.","robots":{"index":"index","follow":"follow","max-snippet":"max-snippet:-1","max-image-preview":"max-image-preview:large","max-video-preview":"max-video-preview:-1"},"canonical":"https:\/\/eichelconsulting.com\/de\/","og_locale":"de_DE","og_type":"article","og_title":"Internacionaliza\u00e7\u00e3o home - Eichel Consulting","og_description":"Me chamo Aline Eichel, e vou te ajudar em tudo sobre internacionaliza\u00e7\u00e3o de seu neg\u00f3cio e criar rela\u00e7\u00f5es comerciais com a Alemanha.","og_url":"https:\/\/eichelconsulting.com\/de\/","og_site_name":"Eichel Consulting","article_modified_time":"2023-11-21T13:28:46+00:00","og_image":[{"url":"https:\/\/eichelconsulting.com\/wp-content\/uploads\/2021\/10\/cropped-logoweb.png","type":"","width":"","height":""}],"twitter_card":"summary_large_image","twitter_misc":{"Gesch\u00e4tzte Lesezeit":"5\u00a0Minuten"},"schema":{"@context":"https:\/\/schema.org","@graph":[{"@type":"WebPage","@id":"https:\/\/eichelconsulting.com\/","url":"https:\/\/eichelconsulting.com\/","name":"Internacionaliza\u00e7\u00e3o home - Eichel Consulting","isPartOf":{"@id":"https:\/\/eichelconsulting.com\/#website"},"primaryImageOfPage":{"@id":"https:\/\/eichelconsulting.com\/#primaryimage"},"image":{"@id":"https:\/\/eichelconsulting.com\/#primaryimage"},"thumbnailUrl":"https:\/\/eichelconsulting.com\/wp-content\/uploads\/2021\/10\/cropped-logoweb.png","datePublished":"2021-08-21T03:58:32+00:00","dateModified":"2023-11-21T13:28:46+00:00","description":"Me chamo Aline Eichel, e vou te ajudar em tudo sobre internacionaliza\u00e7\u00e3o de seu neg\u00f3cio e criar rela\u00e7\u00f5es comerciais com a Alemanha.","breadcrumb":{"@id":"https:\/\/eichelconsulting.com\/#breadcrumb"},"inLanguage":"de","potentialAction":[{"@type":"ReadAction","target":["https:\/\/eichelconsulting.com\/"]}]},{"@type":"ImageObject","inLanguage":"de","@id":"https:\/\/eichelconsulting.com\/#primaryimage","url":"https:\/\/eichelconsulting.com\/wp-content\/uploads\/2021\/10\/cropped-logoweb.png","contentUrl":"https:\/\/eichelconsulting.com\/wp-content\/uploads\/2021\/10\/cropped-logoweb.png"},{"@type":"BreadcrumbList","@id":"https:\/\/eichelconsulting.com\/#breadcrumb","itemListElement":[{"@type":"ListItem","position":1,"name":"In\u00edcio","item":"https:\/\/eichelconsulting.com\/"},{"@type":"ListItem","position":2,"name":"Internacionaliza\u00e7\u00e3o home"}]},{"@type":"WebSite","@id":"https:\/\/eichelconsulting.com\/#website","url":"https:\/\/eichelconsulting.com\/","name":"Eichel Consulting","description":"Internationalisierungsprojekte","publisher":{"@id":"https:\/\/eichelconsulting.com\/#organization"},"potentialAction":[{"@type":"SearchAction","target":{"@type":"EntryPoint","urlTemplate":"https:\/\/eichelconsulting.com\/?s={search_term_string}"},"query-input":{"@type":"PropertyValueSpecification","valueRequired":true,"valueName":"search_term_string"}}],"inLanguage":"de"},{"@type":"Organization","@id":"https:\/\/eichelconsulting.com\/#organization","name":"Eichel Consulting","url":"https:\/\/eichelconsulting.com\/","logo":{"@type":"ImageObject","inLanguage":"de","@id":"https:\/\/eichelconsulting.com\/#\/schema\/logo\/image\/","url":"https:\/\/eichelconsulting.com\/wp-content\/uploads\/2021\/10\/cropped-logoweb.png","contentUrl":"https:\/\/eichelconsulting.com\/wp-content\/uploads\/2021\/10\/cropped-logoweb.png","width":512,"height":512,"caption":"Eichel Consulting"},"image":{"@id":"https:\/\/eichelconsulting.com\/#\/schema\/logo\/image\/"},"sameAs":["http:\/\/instagram.com\/alineeichel","https:\/\/www.linkedin.com\/in\/aline-silveira-eichel-434682102"]}]}},"_links":{"self":[{"href":"https:\/\/eichelconsulting.com\/de\/wp-json\/wp\/v2\/pages\/921","targetHints":{"allow":["GET"]}}],"collection":[{"href":"https:\/\/eichelconsulting.com\/de\/wp-json\/wp\/v2\/pages"}],"about":[{"href":"https:\/\/eichelconsulting.com\/de\/wp-json\/wp\/v2\/types\/page"}],"author":[{"embeddable":true,"href":"https:\/\/eichelconsulting.com\/de\/wp-json\/wp\/v2\/users\/6"}],"replies":[{"embeddable":true,"href":"https:\/\/eichelconsulting.com\/de\/wp-json\/wp\/v2\/comments?post=921"}],"version-history":[{"count":123,"href":"https:\/\/eichelconsulting.com\/de\/wp-json\/wp\/v2\/pages\/921\/revisions"}],"predecessor-version":[{"id":2245,"href":"https:\/\/eichelconsulting.com\/de\/wp-json\/wp\/v2\/pages\/921\/revisions\/2245"}],"wp:attachment":[{"href":"https:\/\/eichelconsulting.com\/de\/wp-json\/wp\/v2\/media?parent=921"}],"curies":[{"name":"wp","href":"https:\/\/api.w.org\/{rel}","templated":true}]}}